{"id":606,"date":"2023-04-24T16:25:34","date_gmt":"2023-04-24T14:25:34","guid":{"rendered":"https:\/\/madeleinevet.fr\/?page_id=606"},"modified":"2024-01-11T14:52:53","modified_gmt":"2024-01-11T13:52:53","slug":"legal-notice","status":"publish","type":"page","link":"https:\/\/madeleinevet.fr\/en\/legal-notice\/","title":{"rendered":"Legal notice"},"content":{"rendered":"\n<p>\u00c9diteur :<\/p>\n\n\n\n<p>Le pr\u00e9sent site est la propri\u00e9t\u00e9 de MADELEINE VET<br>Si\u00e8ge social : 3 Rue Greffulhe, 75008 Paris, FRANCE<br>T\u00e9l\u00e9phone : <a href=\"tel:0189162816\">01 89 16 28 16<\/a><br>Mail : accueil(@)madeleinevet.fr<\/p>\n\n\n\n<p>Forme juridique : Soci\u00e9t\u00e9 d'exercice lib\u00e9ral \u00e0 responsabilit\u00e9 limit\u00e9e<br>Immatricul\u00e9e au RCS de Paris<br>sous le num\u00e9ro : 823593769 00032<br>N\u00b0 identifiant TVA : FR35823593769<\/p>\n\n\n\n<p>Capital social\u00a0:\u00a0220\u00a0000,00 \u20ac<\/p>\n\n\n\n<hr class=\"wp-block-separator has-alpha-channel-opacity\"\/>\n\n\n\n<p>Directeur de la publication du site : <\/p>\n\n\n\n<p>Dominique Th\u00e9ron, joignable aux m\u00eames coordonn\u00e9es que l'\u00e9diteur<\/p>\n\n\n\n<hr class=\"wp-block-separator has-alpha-channel-opacity\"\/>\n\n\n\n<p>H\u00e9bergeur :<\/p>\n\n\n\n<p>Ce site est h\u00e9berg\u00e9 par : OVH Groupe SA, soci\u00e9t\u00e9 immatricul\u00e9e au RCS de Lille sous le num\u00e9ro 537 407 926 sise 2, rue Kellermann, 59100 Roubaix.<\/p>\n\n\n\n<p>SAS au capital de 10 174 560 \u20ac<br>RCS Lille M\u00e9tropole 424 761 419 00045<br>Code APE 2620Z<br>N\u00b0 TVA : FR 22 424 761 419<br>Si\u00e8ge social : 2 rue Kellermann - 59100 Roubaix - France<\/p>\n\n\n\n<p>En cas de dysfonctionnement du site ou pour toute question relative \u00e0 nos services vous<br>pouvez nous joindre par t\u00e9l\u00e9phone au <a href=\"tel:0189162816\">01 89 16 28 16<\/a> ou par email sur accueil(@)madeleinevet.fr<\/p>\n","protected":false},"excerpt":{"rendered":"<p>\u00c9diteur : Le pr\u00e9sent site est la propri\u00e9t\u00e9 de MADELEINE VETSi\u00e8ge social : 3 Rue Greffulhe, 75008 Paris, FRANCET\u00e9l\u00e9phone : 01 89 16 28 16Mail : accueil(@)madeleinevet.fr Forme juridique : Soci\u00e9t\u00e9 d'exercice lib\u00e9ral \u00e0 responsabilit\u00e9 limit\u00e9eImmatricul\u00e9e au RCS de Parissous le num\u00e9ro : 823593769 00032N\u00b0 identifiant TVA : FR35823593769 Capital social\u00a0:\u00a0220\u00a0000,00 \u20ac Directeur de la [&hellip;]<\/p>\n","protected":false},"author":1,"featured_media":0,"parent":0,"menu_order":0,"comment_status":"closed","ping_status":"closed","template":"","meta":{"footnotes":""},"class_list":["post-606","page","type-page","status-publish","hentry"],"_links":{"self":[{"href":"https:\/\/madeleinevet.fr\/en\/wp-json\/wp\/v2\/pages\/606","targetHints":{"allow":["GET"]}}],"collection":[{"href":"https:\/\/madeleinevet.fr\/en\/wp-json\/wp\/v2\/pages"}],"about":[{"href":"https:\/\/madeleinevet.fr\/en\/wp-json\/wp\/v2\/types\/page"}],"author":[{"embeddable":true,"href":"https:\/\/madeleinevet.fr\/en\/wp-json\/wp\/v2\/users\/1"}],"replies":[{"embeddable":true,"href":"https:\/\/madeleinevet.fr\/en\/wp-json\/wp\/v2\/comments?post=606"}],"version-history":[{"count":0,"href":"https:\/\/madeleinevet.fr\/en\/wp-json\/wp\/v2\/pages\/606\/revisions"}],"wp:attachment":[{"href":"https:\/\/madeleinevet.fr\/en\/wp-json\/wp\/v2\/media?parent=606"}],"curies":[{"name":"wp","href":"https:\/\/api.w.org\/{rel}","templated":true}]}}